{"id":255631,"date":"2023-02-02T08:51:42","date_gmt":"2023-02-02T07:51:42","guid":{"rendered":"https:\/\/www.forcalqueiret.fr\/?page_id=255631"},"modified":"2025-02-21T21:16:35","modified_gmt":"2025-02-21T20:16:35","slug":"ccas","status":"publish","type":"page","link":"https:\/\/www.forcalqueiret.fr\/?page_id=255631","title":{"rendered":"CCAS"},"content":{"rendered":"<p>[et_pb_section fb_built=\u00a0\u00bb1&Prime; _builder_version=\u00a0\u00bb4.19.1&Prime; _module_preset=\u00a0\u00bbdefault\u00a0\u00bb background_color=\u00a0\u00bbRGBA(0,0,0,0)\u00a0\u00bb custom_padding=\u00a0\u00bb0px||0px||false|false\u00a0\u00bb global_module=\u00a0\u00bb253926&Prime; global_colors_info=\u00a0\u00bb{}\u00a0\u00bb][et_pb_row custom_padding_last_edited=\u00a0\u00bbon|phone\u00a0\u00bb _builder_version=\u00a0\u00bb4.16&Prime; _module_preset=\u00a0\u00bbdefault\u00a0\u00bb custom_padding_tablet=\u00a0\u00bb\u00a0\u00bb custom_padding_phone=\u00a0\u00bb5px||5px||false|false\u00a0\u00bb global_colors_info=\u00a0\u00bb{}\u00a0\u00bb][et_pb_column type=\u00a0\u00bb4_4&Prime; _builder_version=\u00a0\u00bb4.16&Prime; _module_preset=\u00a0\u00bbdefault\u00a0\u00bb global_colors_info=\u00a0\u00bb{}\u00a0\u00bb][et_pb_divider show_divider=\u00a0\u00bboff\u00a0\u00bb _builder_version=\u00a0\u00bb4.16&Prime; _module_preset=\u00a0\u00bbdefault\u00a0\u00bb custom_padding=\u00a0\u00bb20px||20px||false|false\u00a0\u00bb custom_padding_tablet=\u00a0\u00bb10px||10px||false|false\u00a0\u00bb custom_padding_phone=\u00a0\u00bb5px||5px||false|false\u00a0\u00bb custom_padding_last_edited=\u00a0\u00bbon|phone\u00a0\u00bb global_colors_info=\u00a0\u00bb{}\u00a0\u00bb][\/et_pb_divider][\/et_pb_column][\/et_pb_row][\/et_pb_section][et_pb_section fb_built=\u00a0\u00bb1&Prime; admin_label=\u00a0\u00bbHeader\u00a0\u00bb _builder_version=\u00a0\u00bb4.16&Prime; _module_preset=\u00a0\u00bbdefault\u00a0\u00bb background_color=\u00a0\u00bbRGBA(0,0,0,0)\u00a0\u00bb use_background_color_gradient=\u00a0\u00bbon\u00a0\u00bb background_color_gradient_type=\u00a0\u00bbcircular\u00a0\u00bb background_color_gradient_direction_radial=\u00a0\u00bbtop left\u00a0\u00bb background_color_gradient_stops=\u00a0\u00bbrgba(0,0,0,0) 0%|rgba(0,0,0,0) 100%\u00a0\u00bb background_color_gradient_overlays_image=\u00a0\u00bbon\u00a0\u00bb background_color_gradient_start=\u00a0\u00bbrgba(0,0,0,0)\u00a0\u00bb background_color_gradient_end=\u00a0\u00bbrgba(0,0,0,0)\u00a0\u00bb background_image=\u00a0\u00bbhttps:\/\/forcalqueiret.fr\/wp-content\/uploads\/2020\/11\/crbst_import21.jpg\u00a0\u00bb background_size=\u00a0\u00bbinitial\u00a0\u00bb z_index=\u00a0\u00bb161&Prime; module_alignment=\u00a0\u00bbcenter\u00a0\u00bb custom_margin=\u00a0\u00bb||||false|false\u00a0\u00bb custom_padding=\u00a0\u00bb0px||0px||false|false\u00a0\u00bb motion_trigger_start=\u00a0\u00bbbottom\u00a0\u00bb sticky_position_tablet=\u00a0\u00bbnone\u00a0\u00bb sticky_position_phone=\u00a0\u00bb\u00a0\u00bb sticky_position_last_edited=\u00a0\u00bbon|desktop\u00a0\u00bb global_colors_info=\u00a0\u00bb{}\u00a0\u00bb background__sticky_enabled=\u00a0\u00bbon|sticky\u00a0\u00bb background_color__sticky=\u00a0\u00bb#efefc4&Prime; background_enable_color__sticky=\u00a0\u00bbon\u00a0\u00bb][et_pb_row _builder_version=\u00a0\u00bb4.16&Prime; _module_preset=\u00a0\u00bbdefault\u00a0\u00bb custom_margin=\u00a0\u00bb|||\u00a0\u00bb global_colors_info=\u00a0\u00bb{}\u00a0\u00bb][et_pb_column type=\u00a0\u00bb4_4&Prime; _builder_version=\u00a0\u00bb4.16&Prime; _module_preset=\u00a0\u00bbdefault\u00a0\u00bb custom_padding=\u00a0\u00bb|||\u00a0\u00bb global_colors_info=\u00a0\u00bb{}\u00a0\u00bb custom_padding__hover=\u00a0\u00bb|||\u00a0\u00bb][et_pb_text _builder_version=\u00a0\u00bb4.16&Prime; _module_preset=\u00a0\u00bbdefault\u00a0\u00bb text_font=\u00a0\u00bb||||||||\u00a0\u00bb header_font=\u00a0\u00bbCaveat|700|||||||\u00a0\u00bb header_font_size=\u00a0\u00bb68px\u00a0\u00bb header_line_height=\u00a0\u00bb1.2em\u00a0\u00bb header_5_font=\u00a0\u00bbKaushan Script||||||||\u00a0\u00bb header_5_text_color=\u00a0\u00bb#000000&Prime; header_5_font_size=\u00a0\u00bb20px\u00a0\u00bb header_5_letter_spacing=\u00a0\u00bb0.2em\u00a0\u00bb header_5_line_height=\u00a0\u00bb1.8em\u00a0\u00bb positioning=\u00a0\u00bbrelative\u00a0\u00bb text_orientation=\u00a0\u00bbcenter\u00a0\u00bb animation_style=\u00a0\u00bbzoom\u00a0\u00bb animation_intensity_zoom=\u00a0\u00bb5%\u00a0\u00bb header_font_size_tablet=\u00a0\u00bb48px\u00a0\u00bb header_font_size_phone=\u00a0\u00bb32px\u00a0\u00bb header_font_size_last_edited=\u00a0\u00bbon|phone\u00a0\u00bb header_5_font_size_tablet=\u00a0\u00bb14px\u00a0\u00bb header_5_font_size_phone=\u00a0\u00bb12px\u00a0\u00bb header_5_font_size_last_edited=\u00a0\u00bbon|desktop\u00a0\u00bb header_text_shadow_style=\u00a0\u00bbpreset1&Prime; inline_fonts=\u00a0\u00bbAndika\u00a0\u00bb global_colors_info=\u00a0\u00bb{}\u00a0\u00bb z_index__sticky_enabled=\u00a0\u00bbon|sticky\u00a0\u00bb]<\/p>\n<h1><span style=\"color: #ff0000;\">C.C.A.S.<br \/><\/span><\/h1>\n<p>[\/et_pb_text][\/et_pb_column][\/et_pb_row][\/et_pb_section][et_pb_section fb_built=\u00a0\u00bb1&Prime; admin_label=\u00a0\u00bbmairie\u00a0\u00bb _builder_version=\u00a0\u00bb4.16&Prime; _module_preset=\u00a0\u00bbdefault\u00a0\u00bb background_color=\u00a0\u00bbRGBA(0,0,0,0)\u00a0\u00bb custom_padding=\u00a0\u00bb10px||||false|false\u00a0\u00bb global_colors_info=\u00a0\u00bb{}\u00a0\u00bb][et_pb_row _builder_version=\u00a0\u00bb4.16&Prime; _module_preset=\u00a0\u00bbdefault\u00a0\u00bb custom_margin=\u00a0\u00bb0px||||false|false\u00a0\u00bb custom_padding=\u00a0\u00bb0px|13px||13px|false|true\u00a0\u00bb global_colors_info=\u00a0\u00bb{}\u00a0\u00bb][et_pb_column type=\u00a0\u00bb4_4&Prime; _builder_version=\u00a0\u00bb4.16&Prime; _module_preset=\u00a0\u00bbdefault\u00a0\u00bb background_color=\u00a0\u00bb#ffffff\u00a0\u00bb custom_padding=\u00a0\u00bb1vw|3vw|1vw|3vw|true|true\u00a0\u00bb border_radii=\u00a0\u00bbon|15px|15px|15px|15px\u00a0\u00bb box_shadow_style=\u00a0\u00bbpreset6&Prime; global_colors_info=\u00a0\u00bb{}\u00a0\u00bb][et_pb_text _builder_version=\u00a0\u00bb4.22.2&Prime; _module_preset=\u00a0\u00bbdefault\u00a0\u00bb text_font=\u00a0\u00bb||||||||\u00a0\u00bb header_5_font=\u00a0\u00bbAmatic SC||||||||\u00a0\u00bb header_5_font_size=\u00a0\u00bb26px\u00a0\u00bb custom_margin=\u00a0\u00bb||10px||false|false\u00a0\u00bb custom_padding=\u00a0\u00bb||10px||false|false\u00a0\u00bb global_colors_info=\u00a0\u00bb{}\u00a0\u00bb]<\/p>\n<p>Le <strong>C.C.A.S<\/strong> est un \u00e9tablissement public charg\u00e9 de mettre en \u0153uvre la politique sociale de la Commune. Il dispose d\u2019un Conseil d\u2019Administration pr\u00e9sid\u00e9 par M. Le Maire. Il est compos\u00e9 de membres \u00e9lus du Conseil Municipal et de membres nomm\u00e9s par le Maire parmi des personnes \u0153uvrant pour des actions de pr\u00e9vention, d\u2019animation ou de d\u00e9veloppement social sur la Commune.<\/p>\n<p>Le CCAS est l\u00e0 pour vous aider dans vos d\u00e9marches administratives (APA, MDPH, Compl\u00e9mentaire Sant\u00e9 Solidaire, aide sociale \u2026.) ou vous diriger vers les services comp\u00e9tents.<\/p>\n<p><strong><u>Pr\u00e9sident du CCAS<\/u><\/strong>\u00a0: Gilbert BRINGANT<br \/><strong><u>Adjointe<\/u><\/strong>\u00a0: S\u00e9verine LAHERTE<br \/><strong><u>Conseillers municipaux du CCAS<\/u><\/strong>\u00a0: Laetitia HARDY, Jacques DORVAUX, Maryse AIPERTI, Sylvie MARION<br \/><strong><u>Membres nomm\u00e9s<\/u><\/strong>\u00a0: Catherine FEVRE (Secours Catholique), Annie MAUCORT (UDAF, Familles Rurales), Mich\u00e8le GONON (membre associatif)<br \/><strong><u>Secr\u00e9taire<\/u><\/strong>\u00a0: Christine CHEZEAU<\/p>\n<p>Pour prendre RDV avec l\u2019adjointe\u00a0: 04 98 05 13 99 ou <a href=\"mailto:ccas@forcalqueiret.fr\">ccas@forcalqueiret.fr<\/a><\/p>\n<p>&nbsp;<\/p>\n<p>Le C.C.A.S est \u00e9galement un lieu de permanences pour :<\/p>\n<p><strong>Assistantes Sociales du D\u00e9partement<\/strong><br \/><strong>UTS Provence Verte<\/strong><br \/>Pour prendre RDV : 04 83 95 42 30<br \/>Permanences en mairie les 2<sup>\u00e8me<\/sup> et 3<sup>\u00e8me<\/sup> mardis matin du mois.<\/p>\n<p>[\/et_pb_text][et_pb_divider _builder_version=\u00a0\u00bb4.22.2&Prime; _module_preset=\u00a0\u00bbdefault\u00a0\u00bb custom_margin=\u00a0\u00bb||0px||false|false\u00a0\u00bb global_colors_info=\u00a0\u00bb{}\u00a0\u00bb][\/et_pb_divider][et_pb_text disabled_on=\u00a0\u00bboff|off|off\u00a0\u00bb _builder_version=\u00a0\u00bb4.22.2&Prime; _module_preset=\u00a0\u00bbdefault\u00a0\u00bb text_font=\u00a0\u00bb|600|||||||\u00a0\u00bb header_5_font=\u00a0\u00bbAmatic SC||||||||\u00a0\u00bb header_5_font_size=\u00a0\u00bb26px\u00a0\u00bb custom_margin=\u00a0\u00bb||0px||false|false\u00a0\u00bb custom_padding=\u00a0\u00bb|1px||10px|false|false\u00a0\u00bb border_width_all=\u00a0\u00bb2px\u00a0\u00bb border_color_all=\u00a0\u00bb#E02B20&Prime; global_colors_info=\u00a0\u00bb{}\u00a0\u00bb]<\/p>\n<p class=\"x_MsoNormal\">Vous avec 65 ans et plus, vous \u00eates en situation de handicap et\/ou souffrant de probl\u00e8mes de sant\u00e9 et vous \u00eates <b><u>ISOL<\/u><\/b><b><u>\u00c9S<\/u><\/b>, vous pouvez vous inscrire sur le registre des personnes vuln\u00e9rables\u00a0en cas de risques exceptionnels.<\/p>\n<p class=\"x_MsoNormal\">Pour cela, remplissez l\u2019imprim\u00e9 ci-joint et ramenez-le en mairie. Vous pouvez \u00e9galement le remplir directement en mairie.<\/p>\n<p>[\/et_pb_text][et_pb_button button_url=\u00a0\u00bb@ET-DC@eyJkeW5hbWljIjp0cnVlLCJjb250ZW50IjoicG9zdF9saW5rX3VybF9hdHRhY2htZW50Iiwic2V0dGluZ3MiOnsicG9zdF9pZCI6IjI1NTg2NiJ9fQ==@\u00a0\u00bb button_text=\u00a0\u00bbRegistre des personnes vuln\u00e9rables\u00a0\u00bb button_alignment=\u00a0\u00bbcenter\u00a0\u00bb _builder_version=\u00a0\u00bb4.22.2&Prime; _dynamic_attributes=\u00a0\u00bbbutton_url\u00a0\u00bb _module_preset=\u00a0\u00bbdefault\u00a0\u00bb custom_button=\u00a0\u00bbon\u00a0\u00bb button_text_size=\u00a0\u00bb15px\u00a0\u00bb button_text_color=\u00a0\u00bb#0C71C3&Prime; button_bg_color=\u00a0\u00bb#7CDA24&Prime; button_border_width=\u00a0\u00bb1px\u00a0\u00bb button_border_radius=\u00a0\u00bb10px\u00a0\u00bb button_font=\u00a0\u00bb|700|||||||\u00a0\u00bb button_icon=\u00a0\u00bb&#x69;||divi||400&Prime; button_icon_placement=\u00a0\u00bbleft\u00a0\u00bb button_on_hover=\u00a0\u00bboff\u00a0\u00bb custom_margin=\u00a0\u00bb10px||||false|false\u00a0\u00bb global_colors_info=\u00a0\u00bb{}\u00a0\u00bb][\/et_pb_button][et_pb_divider _builder_version=\u00a0\u00bb4.22.2&Prime; _module_preset=\u00a0\u00bbdefault\u00a0\u00bb custom_margin=\u00a0\u00bb||0px||false|false\u00a0\u00bb global_colors_info=\u00a0\u00bb{}\u00a0\u00bb][\/et_pb_divider][et_pb_text _builder_version=\u00a0\u00bb4.27.4&Prime; _module_preset=\u00a0\u00bbdefault\u00a0\u00bb text_font=\u00a0\u00bb||||||||\u00a0\u00bb header_5_font=\u00a0\u00bbAmatic SC||||||||\u00a0\u00bb header_5_font_size=\u00a0\u00bb26px\u00a0\u00bb custom_margin=\u00a0\u00bb||||false|false\u00a0\u00bb hover_enabled=\u00a0\u00bb0&Prime; global_colors_info=\u00a0\u00bb{}\u00a0\u00bb sticky_enabled=\u00a0\u00bb0&Prime;]<\/p>\n<ul>\n<li><strong><u>La Biblioth\u00e8que<\/u><\/strong><\/li>\n<\/ul>\n<p class=\"x_MsoNormal\"><span data-olk-copy-source=\"MessageBody\">La biblioth\u00e8que municipale a de nouveaux horaires d\u2019ouverture. <\/span><\/p>\n<p class=\"x_MsoNormal\"><span><strong>Aur\u00e9lie, Jocelyne <\/strong>et <strong>Florence<\/strong> vous accueillent\u00a0:<\/span><\/p>\n<p class=\"x_MsoNormal\"><span><strong>Lundi\u00a0<\/strong>: 15 h 15 &#8211; 17 h &#8211; 15<br \/><strong>Mardi\u00a0<\/strong>: 09 h 30 &#8211; 12 h 00 et 15 h 15 &#8211; 17 h 15<br \/><strong>Mercredi\u00a0<\/strong>: 09 h 00 \u2013 12 h 00<br \/><strong>Jeudi\u00a0<\/strong>: 09 h 30 \u2013 12 h 00 et 15 h 15 &#8211; 17 h 15<br \/><strong>Vendredi\u00a0<\/strong>: 09 h 30 \u2013 11 h 30<\/span><\/p>\n<p>[\/et_pb_text][et_pb_image src=\u00a0\u00bbhttps:\/\/www.forcalqueiret.fr\/wp-content\/uploads\/bibli1.png\u00a0\u00bb title_text=\u00a0\u00bbbibli1&Prime; align=\u00a0\u00bbcenter\u00a0\u00bb _builder_version=\u00a0\u00bb4.19.5&Prime; _module_preset=\u00a0\u00bbdefault\u00a0\u00bb module_alignment=\u00a0\u00bbcenter\u00a0\u00bb custom_margin=\u00a0\u00bb20px||10px||false|false\u00a0\u00bb custom_padding=\u00a0\u00bb||1px||false|false\u00a0\u00bb global_colors_info=\u00a0\u00bb{}\u00a0\u00bb][\/et_pb_image][dnxte_masonary gallery_ids=\u00a0\u00bb255635,255636,255637,255638&Prime; thumb_size=\u00a0\u00bblarge\u00a0\u00bb dnxte_choose_lightbox=\u00a0\u00bbnone\u00a0\u00bb use_overlay=\u00a0\u00bboff\u00a0\u00bb _builder_version=\u00a0\u00bb4.19.5&Prime; _module_preset=\u00a0\u00bbdefault\u00a0\u00bb custom_margin=\u00a0\u00bb0px||0px||false|false\u00a0\u00bb custom_padding=\u00a0\u00bb0px||0px||false|false\u00a0\u00bb global_colors_info=\u00a0\u00bb{}\u00a0\u00bb][\/dnxte_masonary][et_pb_image src=\u00a0\u00bbhttps:\/\/www.forcalqueiret.fr\/wp-content\/uploads\/bibli6.png\u00a0\u00bb title_text=\u00a0\u00bbbibli6&Prime; align=\u00a0\u00bbcenter\u00a0\u00bb _builder_version=\u00a0\u00bb4.19.5&Prime; _module_preset=\u00a0\u00bbdefault\u00a0\u00bb module_alignment=\u00a0\u00bbcenter\u00a0\u00bb global_colors_info=\u00a0\u00bb{}\u00a0\u00bb][\/et_pb_image][et_pb_text disabled_on=\u00a0\u00bbon|on|on\u00a0\u00bb _builder_version=\u00a0\u00bb4.22.1&Prime; _module_preset=\u00a0\u00bbdefault\u00a0\u00bb text_font=\u00a0\u00bb||||||||\u00a0\u00bb header_5_font=\u00a0\u00bbAmatic SC||||||||\u00a0\u00bb header_5_font_size=\u00a0\u00bb26px\u00a0\u00bb custom_margin=\u00a0\u00bb||0px||false|false\u00a0\u00bb disabled=\u00a0\u00bbon\u00a0\u00bb global_colors_info=\u00a0\u00bb{}\u00a0\u00bb]<\/p>\n<ul>\n<li><strong><u>Les proc\u00e8s-verbaux du conseil d\u2019administration<\/u><\/strong><\/li>\n<\/ul>\n<p>&nbsp;<\/p>\n<ul>\n<li><strong><u>Les ateliers s\u00e9niors <\/u><\/strong><\/li>\n<\/ul>\n<p>Des ateliers gym \/\u00e9quilibre, dirig\u00e9s par un animateur de l\u2019association ASEPT PACA, seront mis en place tous les jeudis de 9h30 \u00e0 11h, salle Culture Loisirs \u00e0 compter <strong>du 13 avril au 6 juillet 2023<\/strong> (12 s\u00e9ances d\u20191h30).<\/p>\n<p>Si vous \u00eates int\u00e9ress\u00e9s, veuillez vous inscrire aupr\u00e8s de Christine au 04 98 05 13 99.<\/p>\n<p>Attention, places limit\u00e9es\u00a0: 10 \u00e0 12 personnes maxi<\/p>\n<p>[\/et_pb_text][\/et_pb_column][\/et_pb_row][\/et_pb_section]<\/p>\n","protected":false},"excerpt":{"rendered":"<p>Le C.C.A.S est un \u00e9tablissement public charg\u00e9 de mettre en \u0153uvre la politique sociale de la Commune. Il dispose d\u2019un Conseil d\u2019Administration pr\u00e9sid\u00e9 par M. Le Maire. Il est compos\u00e9 de membres \u00e9lus du Conseil Municipal et de membres nomm\u00e9s par le Maire parmi des personnes \u0153uvrant pour des actions de pr\u00e9vention, d\u2019animation ou de d\u00e9veloppement social sur la Commune.<\/p>\n","protected":false},"author":1,"featured_media":0,"parent":0,"menu_order":0,"comment_status":"closed","ping_status":"closed","template":"","meta":{"_et_pb_use_builder":"on","_et_pb_old_content":"","_et_gb_content_width":"","_monsterinsights_skip_tracking":false,"_monsterinsights_sitenote_active":false,"_monsterinsights_sitenote_note":"","_monsterinsights_sitenote_category":0,"footnotes":""},"class_list":["post-255631","page","type-page","status-publish","hentry"],"_links":{"self":[{"href":"https:\/\/www.forcalqueiret.fr\/index.php?rest_route=\/wp\/v2\/pages\/255631","targetHints":{"allow":["GET"]}}],"collection":[{"href":"https:\/\/www.forcalqueiret.fr\/index.php?rest_route=\/wp\/v2\/pages"}],"about":[{"href":"https:\/\/www.forcalqueiret.fr\/index.php?rest_route=\/wp\/v2\/types\/page"}],"author":[{"embeddable":true,"href":"https:\/\/www.forcalqueiret.fr\/index.php?rest_route=\/wp\/v2\/users\/1"}],"replies":[{"embeddable":true,"href":"https:\/\/www.forcalqueiret.fr\/index.php?rest_route=%2Fwp%2Fv2%2Fcomments&post=255631"}],"version-history":[{"count":9,"href":"https:\/\/www.forcalqueiret.fr\/index.php?rest_route=\/wp\/v2\/pages\/255631\/revisions"}],"predecessor-version":[{"id":256398,"href":"https:\/\/www.forcalqueiret.fr\/index.php?rest_route=\/wp\/v2\/pages\/255631\/revisions\/256398"}],"wp:attachment":[{"href":"https:\/\/www.forcalqueiret.fr\/index.php?rest_route=%2Fwp%2Fv2%2Fmedia&parent=255631"}],"curies":[{"name":"wp","href":"https:\/\/api.w.org\/{rel}","templated":true}]}}