{"id":255299,"date":"2022-10-11T11:47:44","date_gmt":"2022-10-11T09:47:44","guid":{"rendered":"https:\/\/www.forcalqueiret.fr\/?page_id=255299"},"modified":"2022-10-19T12:39:38","modified_gmt":"2022-10-19T10:39:38","slug":"informations-utiles","status":"publish","type":"page","link":"https:\/\/www.forcalqueiret.fr\/?page_id=255299","title":{"rendered":"Informations utiles"},"content":{"rendered":"<p>[et_pb_section fb_built=\u00a0\u00bb1&Prime; _builder_version=\u00a0\u00bb4.11.2&Prime; _module_preset=\u00a0\u00bbdefault\u00a0\u00bb background_color=\u00a0\u00bbRGBA(0,0,0,0)\u00a0\u00bb custom_padding=\u00a0\u00bb0px||0px||false|false\u00a0\u00bb global_module=\u00a0\u00bb253926&Prime; global_colors_info=\u00a0\u00bb{}\u00a0\u00bb][et_pb_row custom_padding_last_edited=\u00a0\u00bbon|phone\u00a0\u00bb _builder_version=\u00a0\u00bb4.16&Prime; _module_preset=\u00a0\u00bbdefault\u00a0\u00bb custom_padding_tablet=\u00a0\u00bb\u00a0\u00bb custom_padding_phone=\u00a0\u00bb5px||5px||false|false\u00a0\u00bb global_colors_info=\u00a0\u00bb{}\u00a0\u00bb][et_pb_column type=\u00a0\u00bb4_4&Prime; _builder_version=\u00a0\u00bb4.16&Prime; _module_preset=\u00a0\u00bbdefault\u00a0\u00bb global_colors_info=\u00a0\u00bb{}\u00a0\u00bb][et_pb_divider show_divider=\u00a0\u00bboff\u00a0\u00bb _builder_version=\u00a0\u00bb4.16&Prime; _module_preset=\u00a0\u00bbdefault\u00a0\u00bb custom_padding=\u00a0\u00bb20px||20px||false|false\u00a0\u00bb custom_padding_tablet=\u00a0\u00bb10px||10px||false|false\u00a0\u00bb custom_padding_phone=\u00a0\u00bb5px||5px||false|false\u00a0\u00bb custom_padding_last_edited=\u00a0\u00bbon|phone\u00a0\u00bb global_colors_info=\u00a0\u00bb{}\u00a0\u00bb][\/et_pb_divider][\/et_pb_column][\/et_pb_row][\/et_pb_section][et_pb_section fb_built=\u00a0\u00bb1&Prime; admin_label=\u00a0\u00bbHeader\u00a0\u00bb _builder_version=\u00a0\u00bb4.16&Prime; _module_preset=\u00a0\u00bbdefault\u00a0\u00bb background_color=\u00a0\u00bbRGBA(0,0,0,0)\u00a0\u00bb use_background_color_gradient=\u00a0\u00bbon\u00a0\u00bb background_color_gradient_type=\u00a0\u00bbcircular\u00a0\u00bb background_color_gradient_direction_radial=\u00a0\u00bbtop left\u00a0\u00bb background_color_gradient_stops=\u00a0\u00bbrgba(255,255,255,0) 30%|rgba(255,255,255,0) 80%\u00a0\u00bb background_color_gradient_overlays_image=\u00a0\u00bbon\u00a0\u00bb background_color_gradient_start=\u00a0\u00bbrgba(255,255,255,0)\u00a0\u00bb background_color_gradient_start_position=\u00a0\u00bb30%\u00a0\u00bb background_color_gradient_end=\u00a0\u00bbrgba(255,255,255,0)\u00a0\u00bb background_color_gradient_end_position=\u00a0\u00bb80%\u00a0\u00bb background_image=\u00a0\u00bbhttps:\/\/forcalqueiret.fr\/wp-content\/uploads\/2020\/11\/crbst_import0.jpg\u00a0\u00bb background_size=\u00a0\u00bbinitial\u00a0\u00bb z_index=\u00a0\u00bb228&Prime; module_alignment=\u00a0\u00bbcenter\u00a0\u00bb custom_padding=\u00a0\u00bb0vw|0px|0vw|0px|true|false\u00a0\u00bb sticky_position_tablet=\u00a0\u00bbnone\u00a0\u00bb sticky_position_last_edited=\u00a0\u00bboff|desktop\u00a0\u00bb global_colors_info=\u00a0\u00bb{}\u00a0\u00bb z_index__sticky_enabled=\u00a0\u00bboff|sticky\u00a0\u00bb][et_pb_row _builder_version=\u00a0\u00bb4.16&Prime; _module_preset=\u00a0\u00bbdefault\u00a0\u00bb custom_margin=\u00a0\u00bb|||\u00a0\u00bb global_colors_info=\u00a0\u00bb{}\u00a0\u00bb][et_pb_column type=\u00a0\u00bb4_4&Prime; _builder_version=\u00a0\u00bb4.16&Prime; _module_preset=\u00a0\u00bbdefault\u00a0\u00bb custom_padding=\u00a0\u00bb|||\u00a0\u00bb global_colors_info=\u00a0\u00bb{}\u00a0\u00bb custom_padding__hover=\u00a0\u00bb|||\u00a0\u00bb][et_pb_text _builder_version=\u00a0\u00bb4.16&Prime; _module_preset=\u00a0\u00bbdefault\u00a0\u00bb text_font=\u00a0\u00bb||||||||\u00a0\u00bb header_font=\u00a0\u00bbRaleway|700|||||||\u00a0\u00bb header_font_size=\u00a0\u00bb50px\u00a0\u00bb header_line_height=\u00a0\u00bb1.2em\u00a0\u00bb header_5_font=\u00a0\u00bbKaushan Script||||||||\u00a0\u00bb header_5_text_color=\u00a0\u00bb#000000&Prime; header_5_font_size=\u00a0\u00bb20px\u00a0\u00bb header_5_letter_spacing=\u00a0\u00bb0.2em\u00a0\u00bb header_5_line_height=\u00a0\u00bb1.8em\u00a0\u00bb text_orientation=\u00a0\u00bbcenter\u00a0\u00bb animation_style=\u00a0\u00bbzoom\u00a0\u00bb animation_intensity_zoom=\u00a0\u00bb5%\u00a0\u00bb header_font_size_tablet=\u00a0\u00bb48px\u00a0\u00bb header_font_size_phone=\u00a0\u00bb32px\u00a0\u00bb header_font_size_last_edited=\u00a0\u00bbon|phone\u00a0\u00bb header_5_font_size_tablet=\u00a0\u00bb14px\u00a0\u00bb header_5_font_size_phone=\u00a0\u00bb12px\u00a0\u00bb header_5_font_size_last_edited=\u00a0\u00bbon|desktop\u00a0\u00bb inline_fonts=\u00a0\u00bbAndika\u00a0\u00bb global_colors_info=\u00a0\u00bb{}\u00a0\u00bb]<\/p>\n<h1><span style=\"color: #ff0000;\">Informations utiles<br \/><\/span><\/h1>\n<p>[\/et_pb_text][\/et_pb_column][\/et_pb_row][\/et_pb_section][et_pb_section fb_built=\u00a0\u00bb1&Prime; admin_label=\u00a0\u00bbmairie\u00a0\u00bb _builder_version=\u00a0\u00bb4.16&Prime; _module_preset=\u00a0\u00bbdefault\u00a0\u00bb background_color=\u00a0\u00bbRGBA(0,0,0,0)\u00a0\u00bb custom_padding=\u00a0\u00bb10px||||false|false\u00a0\u00bb global_colors_info=\u00a0\u00bb{}\u00a0\u00bb][et_pb_row _builder_version=\u00a0\u00bb4.16&Prime; _module_preset=\u00a0\u00bbdefault\u00a0\u00bb custom_padding=\u00a0\u00bb|13px||13px||true\u00a0\u00bb global_colors_info=\u00a0\u00bb{}\u00a0\u00bb][et_pb_column type=\u00a0\u00bb4_4&Prime; _builder_version=\u00a0\u00bb4.16&Prime; _module_preset=\u00a0\u00bbdefault\u00a0\u00bb background_color=\u00a0\u00bb#ffffff\u00a0\u00bb custom_padding=\u00a0\u00bb1vw|3vw|1vw|3vw|true|true\u00a0\u00bb border_radii=\u00a0\u00bbon|15px|15px|15px|15px\u00a0\u00bb box_shadow_style=\u00a0\u00bbpreset6&Prime; global_colors_info=\u00a0\u00bb{}\u00a0\u00bb][et_pb_text _builder_version=\u00a0\u00bb4.18.0&Prime; _module_preset=\u00a0\u00bbdefault\u00a0\u00bb global_colors_info=\u00a0\u00bb{}\u00a0\u00bb]<\/p>\n<h2 style=\"text-align: center;\"><span style=\"text-decoration: underline;\"><strong>Aides financi\u00e8res pour la r\u00e9novation \u00e9nerg\u00e9tique<br \/><\/strong><\/span><\/h2>\n<p>[\/et_pb_text][et_pb_text _builder_version=\u00a0\u00bb4.18.0&Prime; _module_preset=\u00a0\u00bbdefault\u00a0\u00bb text_font=\u00a0\u00bb||||||||\u00a0\u00bb global_colors_info=\u00a0\u00bb{}\u00a0\u00bb]<\/p>\n<p class=\"x_x_x_x_x_MsoNormal\">Le budget de l\u2019\u00c9tat et les aides concernant les r\u00e9novations \u00e9nerg\u00e9tiques ont \u00e9t\u00e9 repens\u00e9s en 2022. <br aria-hidden=\"true\" \/><br aria-hidden=\"true\" \/>Les propri\u00e9taires, co-propri\u00e9taires et collectivit\u00e9s peuvent d\u00e9sormais b\u00e9n\u00e9ficier d\u2019aides pour am\u00e9liorer la r\u00e9novation \u00e9nerg\u00e9tique de leur logement. Cette liste d\u2019aides financi\u00e8res comprend notamment des subventions, des ch\u00e8ques \u00e9nergie, des r\u00e9ductions d\u2019imp\u00f4ts et d\u00e9duction fiscale, et bien d\u2019autres. Il faut savoir qu\u2019un logement qui respecte les normes de r\u00e9novation \u00e9nerg\u00e9tique consomme moins d\u2019\u00e9nergie et permet ainsi de r\u00e9duire le montant des factures.<\/p>\n<div>\n<p class=\"x_x_x_x_x_MsoNormal\">\u00a0 <br aria-hidden=\"true\" \/>Voici la liste des aides financi\u00e8res auxquelles les Fran\u00e7ais peuvent b\u00e9n\u00e9ficier en 2022 pour la r\u00e9novation \u00e9nerg\u00e9tique de leur logement (liste mise \u00e0 jour en octobre 2022) :<\/p>\n<ul type=\"disc\">\n<li class=\"x_x_x_x_x_MsoNormal\"><b>MaPrimeR\u00e9nov\u2019 <\/b>: elle remplace le cr\u00e9dit d\u2019imp\u00f4t transition \u00e9nerg\u00e9tique et les aides de l\u2019Anah \u201cHabiter mieux agilit\u00e9\u201d. Cette aide est ouverte \u00e0 l\u2019ensemble des propri\u00e9taires, quels que soient leurs revenus. Le logement doit \u00eatre construit depuis au moins 15 ans ou depuis au moins deux ans lors du remplacement d&rsquo;une chaudi\u00e8re au fioul. Le montant de la prime est calcul\u00e9 en fonction des revenus et du gain \u00e9cologique des travaux. Vous pouvez d\u00e9poser votre demande directement sur le site : <a href=\"https:\/\/www.maprimerenov.gouv.fr\/\" target=\"_blank\" rel=\"noopener noreferrer\" data-auth=\"NotApplicable\" data-linkindex=\"12\">https:\/\/www.maprimerenov.gouv.fr\/<\/a><\/li>\n<li class=\"x_x_x_x_x_MsoNormal\"><b>MaPrimeR\u00e9nov\u2019 S\u00e9r\u00e9nit\u00e9 : <\/b>cette aide financi\u00e8re et de conseil permet aux m\u00e9nages ayant de faibles revenus d\u2019\u00eatre assist\u00e9s dans leur projet de r\u00e9novation \u00e9nerg\u00e9tique. Pour faire une demande d\u2019aide, vous devez le faire en ligne. Pour cela, vous devez d\u2019abord vous cr\u00e9er un compte personnel sur le site d\u00e9di\u00e9 aux aides de l&rsquo;Agence nationale de l&rsquo;habitat (Anah) : <a href=\"https:\/\/monprojet.anah.gouv.fr\/po\/demarche\/infos_po\" target=\"_blank\" rel=\"noopener noreferrer\" data-auth=\"NotApplicable\" data-linkindex=\"13\">https:\/\/monprojet.anah.gouv.fr\/po\/demarche\/infos_po<\/a><\/li>\n<li class=\"x_x_x_x_x_MsoNormal\"><b>L\u2019\u00c9co pr\u00eat \u00e0 taux z\u00e9ro : <\/b>cette aide permet de financer la r\u00e9novation \u00e9nerg\u00e9tique des logements sans avoir \u00e0 faire d\u2019avance de tr\u00e9sorerie. De plus, le taux d\u2019int\u00e9r\u00eat du cr\u00e9dit est nul et le montant de celui-ci peut aller jusqu\u2019\u00e0 50 000 euros. Pour consulter les conditions d\u2019\u00e9ligibilit\u00e9 \u00e0 l\u2019\u00e9co pr\u00eat \u00e0 taux z\u00e9ro, rendez-vous sur le site : <a href=\"https:\/\/www.service-public.fr\/particuliers\/vosdroits\/F19905\" target=\"_blank\" rel=\"noopener noreferrer\" data-auth=\"NotApplicable\" data-linkindex=\"14\">https:\/\/www.service-public.fr\/particuliers\/vosdroits\/F19905<\/a><\/li>\n<li class=\"x_x_x_x_x_MsoNormal\"><b>Le Coup de pouce \u00e9conomies d\u2019\u00e9nergies : <\/b>il permet \u00e0 tous les m\u00e9nages de b\u00e9n\u00e9ficier de primes pour financer certains travaux de r\u00e9novation \u00e9nerg\u00e9tique (chauffage, isolation, r\u00e9novation glable, etc). Les d\u00e9marches pour obtenir cette aide sont \u00e0 r\u00e9aliser sur le site sp\u00e9cialis\u00e9 : <a href=\"https:\/\/www.coupdepouceeconomiedenergie.fr\/\" target=\"_blank\" rel=\"noopener noreferrer\" data-auth=\"NotApplicable\" data-linkindex=\"15\">https:\/\/www.coupdepouceeconomiedenergie.fr\/<\/a><\/li>\n<li class=\"x_x_x_x_x_MsoNormal\"><b>Le ch\u00e8que \u00e9nergie :<\/b> c\u2019est une aide nominative qui permet d\u2019aider au paiement des factures d\u2019\u00e9nergie du logement et de faire face \u00e0 la mont\u00e9e exceptionnelle des prix de l&rsquo;\u00e9nergie, notamment l&rsquo;\u00e9lectricit\u00e9 et le gaz. Son montant est de 100 \u20ac.<\/li>\n<li class=\"x_x_x_x_x_MsoNormal\"><b>L\u2019aide des entreprises de fourniture d\u2019\u00e9nergie<\/b> : les entreprises de fourniture d\u2019\u00e9nergie (EDF, Total, etc) proposent des aides pour la r\u00e9alisation de travaux d\u2019\u00e9conomies d\u2019\u00e9nergies (diagnostics, conseils, prime, pr\u00eat \u00e0 taux bas, etc).<\/li>\n<li class=\"x_x_x_x_x_MsoNormal\"><b>La TVA \u00e0 5,5% :<\/b> pour des travaux de r\u00e9novation \u00e9nerg\u00e9tique, certains peuvent b\u00e9n\u00e9ficier d\u2019une TVA \u00e0 taux r\u00e9duit de 5,5%. Retrouvez le formulaire d\u2019attestation sur <a href=\"https:\/\/www.economie.gouv.fr\/particuliers\/tva-taux-reduits-travaux#:~:text=La%20TVA%20%C3%A0%20taux%20r%C3%A9duit%20%C3%A0%205%2C5%20%25%20s',une%20source%20d'%C3%A9nergie%20renouvelable.\" target=\"_blank\" rel=\"noopener noreferrer\" data-auth=\"NotApplicable\" data-linkindex=\"16\">le site du service public<\/a>.<\/li>\n<li class=\"x_x_x_x_x_MsoNormal\"><b>La r\u00e9duction d\u2019imp\u00f4t \u201cDenormandie\u201d : <\/b>elle permet aux particuliers qui ach\u00e8tent un logement \u00e0 r\u00e9nover d\u2019avoir une r\u00e9duction d\u2019imp\u00f4t sur le revenus. Vous pouvez en savoir plus sur <a href=\"https:\/\/www.service-public.fr\/particuliers\/vosdroits\/F35011#:~:text=Le%20dispositif%20Denormandie%20permet%20de,notamment%20situ%C3%A9%20dans%20certaines%20communes.\" target=\"_blank\" rel=\"noopener noreferrer\" data-auth=\"NotApplicable\" data-linkindex=\"17\">le site du service public<\/a>.<\/li>\n<li class=\"x_x_x_x_x_MsoNormal\"><b>L\u2019exon\u00e9ration de taxe fonci\u00e8re : <\/b>ici, ce sont les communes ou d\u00e9partements qui peuvent exon\u00e9rer temporairement certains m\u00e9nages de payer la taxe fonci\u00e8re.<\/li>\n<li class=\"x_x_x_x_x_MsoNormal\"><b>Le micro cr\u00e9dit ou le cr\u00e9dit \u00e0 la consommation :<\/b> pour r\u00e9nover son logement, il est aussi possible de\u00a0<a href=\"https:\/\/finfrog.fr\/credit-rapide\/instantane\" target=\"_blank\" rel=\"noopener noreferrer\" data-auth=\"NotApplicable\" data-linkindex=\"18\">souscrire un pr\u00eat instantan\u00e9 en ligne<\/a>\u00a0(par exemple sur la plateforme :\u00a0<a href=\"https:\/\/finfrog.fr\/credit-rapide\/instantane\" target=\"_blank\" rel=\"noopener noreferrer\" data-auth=\"NotApplicable\" data-linkindex=\"19\"><span style=\"font-family: 'Arial',sans-serif;\">https:\/\/finfrog.fr\/credit-rapide\/instantane<\/span><\/a>)\u00a0ou \u00e0 un cr\u00e9dit \u00e0 la consommation aupr\u00e8s d\u2019organismes financiers.<\/li>\n<\/ul>\n<p class=\"x_x_x_x_x_MsoNormal\">Pour en savoir plus sur les aides de r\u00e9novation \u00e9nerg\u00e9tique et pour vous accompagner dans ce projet, un site internet a \u00e9t\u00e9 lanc\u00e9 : <a href=\"http:\/\/france-renov.gouv.fr\" target=\"_blank\" rel=\"noopener noreferrer\" data-auth=\"NotApplicable\" data-linkindex=\"20\">france-renov.gouv.fr<\/a>.<\/p>\n<\/div>\n<p>[\/et_pb_text][\/et_pb_column][\/et_pb_row][et_pb_row _builder_version=\u00a0\u00bb4.16&Prime; _module_preset=\u00a0\u00bbdefault\u00a0\u00bb custom_padding=\u00a0\u00bb|13px||13px||true\u00a0\u00bb global_colors_info=\u00a0\u00bb{}\u00a0\u00bb][et_pb_column type=\u00a0\u00bb4_4&Prime; _builder_version=\u00a0\u00bb4.16&Prime; _module_preset=\u00a0\u00bbdefault\u00a0\u00bb background_color=\u00a0\u00bb#ffffff\u00a0\u00bb custom_padding=\u00a0\u00bb1vw|3vw|1vw|3vw|true|true\u00a0\u00bb border_radii=\u00a0\u00bbon|15px|15px|15px|15px\u00a0\u00bb box_shadow_style=\u00a0\u00bbpreset6&Prime; global_colors_info=\u00a0\u00bb{}\u00a0\u00bb][et_pb_text _builder_version=\u00a0\u00bb4.18.0&Prime; _module_preset=\u00a0\u00bbdefault\u00a0\u00bb global_colors_info=\u00a0\u00bb{}\u00a0\u00bb]<\/p>\n<h2 style=\"text-align: center;\"><span style=\"text-decoration: underline;\"><strong>Reconnaissance de l&rsquo;\u00c9tat de catastrophe naturelle<br \/><\/strong><\/span><\/h2>\n<p>[\/et_pb_text][et_pb_image src=\u00a0\u00bbhttps:\/\/www.forcalqueiret.fr\/wp-content\/uploads\/reconnaissance-catastrophe-naturelle.png\u00a0\u00bb title_text=\u00a0\u00bbreconnaissance catastrophe naturelle\u00a0\u00bb align=\u00a0\u00bbcenter\u00a0\u00bb _builder_version=\u00a0\u00bb4.18.0&Prime; _module_preset=\u00a0\u00bbdefault\u00a0\u00bb global_colors_info=\u00a0\u00bb{}\u00a0\u00bb][\/et_pb_image][et_pb_text _builder_version=\u00a0\u00bb4.18.0&Prime; _module_preset=\u00a0\u00bbdefault\u00a0\u00bb text_font=\u00a0\u00bb||||||||\u00a0\u00bb global_colors_info=\u00a0\u00bb{}\u00a0\u00bb]<\/p>\n<div class=\"\" dir=\"auto\">\n<div class=\"x1iorvi4 x1pi30zi x1l90r2v x1swvt13\" data-ad-comet-preview=\"message\" data-ad-preview=\"message\" id=\"jsc_c_1hc\">\n<div class=\"x78zum5 xdt5ytf xz62fqu x16ldp7u\">\n<div class=\"xu06os2 x1ok221b\">\n<div class=\"xdj266r x11i5rnm xat24cr x1mh8g0r x1vvkbs x126k92a\">\n<div dir=\"auto\" style=\"text-align: start;\">La commune de Forcalqueiret lance une proc\u00e9dure de demande de reconnaissance en catastrophe naturelle \u00ab\u00a0s\u00e9cheresse\u00a0\u00bb aupr\u00e8s de la Pr\u00e9fecture du Var.<\/div>\n<div dir=\"auto\" style=\"text-align: start;\"><\/div>\n<div dir=\"auto\" style=\"text-align: start;\">Pour ce faire, nous vous invitons \u00e0 suivre ces recommandations :<\/div>\n<div dir=\"auto\" style=\"text-align: start;\"><\/div>\n<div dir=\"auto\" style=\"text-align: start;\">Les administr\u00e9s sollicitant la demande de reconnaissance de catastrophe naturelle sont invit\u00e9s \u00e0 transmettre leur demande \u00e9crite en mairie (courrier ou mail) en pr\u00e9cisant leurs Noms Pr\u00e9noms, adresse postale, t\u00e9l\u00e9phone, adresse du lieu concern\u00e9 (si diff\u00e9rent), date, <span><a tabindex=\"-1\"><\/a><\/span>d\u00e9tail et photographies des d\u00e9sordres rencontr\u00e9s.<\/div>\n<div dir=\"auto\" style=\"text-align: start;\">En parall\u00e8le, il est n\u00e9cessaire de faire une d\u00e9claration \u00ab\u00a0sinistre\u00a0\u00bb aupr\u00e8s de son assurance Habitation.<\/div>\n<div dir=\"auto\" style=\"text-align: start;\"><\/div>\n<div dir=\"auto\" style=\"text-align: start;\">Pour tout compl\u00e9ment d&rsquo;information, nous vous proposons de contacter la mairie au : <strong>04.98.05.13.99<\/strong>.<\/div>\n<\/div>\n<\/div>\n<\/div>\n<\/div>\n<\/div>\n<p>[\/et_pb_text][et_pb_image src=\u00a0\u00bbhttps:\/\/www.forcalqueiret.fr\/wp-content\/uploads\/indemnisations-catastrophe-naturelle.jpg\u00a0\u00bb title_text=\u00a0\u00bbindemnisations catastrophe naturelle\u00a0\u00bb align=\u00a0\u00bbcenter\u00a0\u00bb _builder_version=\u00a0\u00bb4.18.0&Prime; _module_preset=\u00a0\u00bbdefault\u00a0\u00bb global_colors_info=\u00a0\u00bb{}\u00a0\u00bb][\/et_pb_image][\/et_pb_column][\/et_pb_row][\/et_pb_section]<\/p>\n","protected":false},"excerpt":{"rendered":"<p>Informations utilesAides financi\u00e8res pour la r\u00e9novation \u00e9nerg\u00e9tiqueLe budget de l\u2019\u00c9tat et les aides concernant les r\u00e9novations \u00e9nerg\u00e9tiques ont \u00e9t\u00e9 repens\u00e9s en 2022. Les propri\u00e9taires, co-propri\u00e9taires et collectivit\u00e9s peuvent d\u00e9sormais b\u00e9n\u00e9ficier [&hellip;]<\/p>\n","protected":false},"author":1,"featured_media":0,"parent":0,"menu_order":0,"comment_status":"closed","ping_status":"closed","template":"","meta":{"_et_pb_use_builder":"on","_et_pb_old_content":"","_et_gb_content_width":"","_monsterinsights_skip_tracking":false,"_monsterinsights_sitenote_active":false,"_monsterinsights_sitenote_note":"","_monsterinsights_sitenote_category":0,"footnotes":""},"class_list":["post-255299","page","type-page","status-publish","hentry"],"_links":{"self":[{"href":"https:\/\/www.forcalqueiret.fr\/index.php?rest_route=\/wp\/v2\/pages\/255299","targetHints":{"allow":["GET"]}}],"collection":[{"href":"https:\/\/www.forcalqueiret.fr\/index.php?rest_route=\/wp\/v2\/pages"}],"about":[{"href":"https:\/\/www.forcalqueiret.fr\/index.php?rest_route=\/wp\/v2\/types\/page"}],"author":[{"embeddable":true,"href":"https:\/\/www.forcalqueiret.fr\/index.php?rest_route=\/wp\/v2\/users\/1"}],"replies":[{"embeddable":true,"href":"https:\/\/www.forcalqueiret.fr\/index.php?rest_route=%2Fwp%2Fv2%2Fcomments&post=255299"}],"version-history":[{"count":5,"href":"https:\/\/www.forcalqueiret.fr\/index.php?rest_route=\/wp\/v2\/pages\/255299\/revisions"}],"predecessor-version":[{"id":255323,"href":"https:\/\/www.forcalqueiret.fr\/index.php?rest_route=\/wp\/v2\/pages\/255299\/revisions\/255323"}],"wp:attachment":[{"href":"https:\/\/www.forcalqueiret.fr\/index.php?rest_route=%2Fwp%2Fv2%2Fmedia&parent=255299"}],"curies":[{"name":"wp","href":"https:\/\/api.w.org\/{rel}","templated":true}]}}