{"id":222844,"date":"2020-11-28T15:53:32","date_gmt":"2020-11-28T14:53:32","guid":{"rendered":"https:\/\/forcalqueiret.fr\/?page_id=222844"},"modified":"2025-11-20T09:46:36","modified_gmt":"2025-11-20T08:46:36","slug":"ecoles","status":"publish","type":"page","link":"https:\/\/www.forcalqueiret.fr\/?page_id=222844","title":{"rendered":"Ecoles"},"content":{"rendered":"<p>[et_pb_section fb_built=\u00a0\u00bb1&Prime; _builder_version=\u00a0\u00bb4.19.1&Prime; _module_preset=\u00a0\u00bbdefault\u00a0\u00bb background_color=\u00a0\u00bbRGBA(0,0,0,0)\u00a0\u00bb custom_padding=\u00a0\u00bb0px||0px||false|false\u00a0\u00bb global_module=\u00a0\u00bb253926&Prime; global_colors_info=\u00a0\u00bb{}\u00a0\u00bb][et_pb_row custom_padding_last_edited=\u00a0\u00bbon|phone\u00a0\u00bb _builder_version=\u00a0\u00bb4.16&Prime; _module_preset=\u00a0\u00bbdefault\u00a0\u00bb custom_padding_tablet=\u00a0\u00bb\u00a0\u00bb custom_padding_phone=\u00a0\u00bb5px||5px||false|false\u00a0\u00bb global_colors_info=\u00a0\u00bb{}\u00a0\u00bb][et_pb_column type=\u00a0\u00bb4_4&Prime; _builder_version=\u00a0\u00bb4.16&Prime; _module_preset=\u00a0\u00bbdefault\u00a0\u00bb global_colors_info=\u00a0\u00bb{}\u00a0\u00bb][et_pb_divider show_divider=\u00a0\u00bboff\u00a0\u00bb _builder_version=\u00a0\u00bb4.16&Prime; _module_preset=\u00a0\u00bbdefault\u00a0\u00bb custom_padding=\u00a0\u00bb20px||20px||false|false\u00a0\u00bb custom_padding_tablet=\u00a0\u00bb10px||10px||false|false\u00a0\u00bb custom_padding_phone=\u00a0\u00bb5px||5px||false|false\u00a0\u00bb custom_padding_last_edited=\u00a0\u00bbon|phone\u00a0\u00bb global_colors_info=\u00a0\u00bb{}\u00a0\u00bb][\/et_pb_divider][\/et_pb_column][\/et_pb_row][et_pb_row disabled_on=\u00a0\u00bbon|on|on\u00a0\u00bb _builder_version=\u00a0\u00bb4.27.4&Prime; _module_preset=\u00a0\u00bbdefault\u00a0\u00bb custom_padding=\u00a0\u00bb0px||11px|||\u00a0\u00bb disabled=\u00a0\u00bbon\u00a0\u00bb locked=\u00a0\u00bboff\u00a0\u00bb global_colors_info=\u00a0\u00bb{}\u00a0\u00bb][et_pb_column type=\u00a0\u00bb4_4&Prime; _builder_version=\u00a0\u00bb4.16&Prime; _module_preset=\u00a0\u00bbdefault\u00a0\u00bb global_colors_info=\u00a0\u00bb{}\u00a0\u00bb][et_pb_text _builder_version=\u00a0\u00bb4.27.4&Prime; _module_preset=\u00a0\u00bbdefault\u00a0\u00bb custom_padding=\u00a0\u00bb||2px|||\u00a0\u00bb global_colors_info=\u00a0\u00bb{}\u00a0\u00bb]<\/p>\n<p><a href=\"https:\/\/www.forcalqueiret.fr\/?page_id=256461\">\u00ab Retour aux d\u00e9lib\u00e9rations<\/a><\/p>\n<p>[\/et_pb_text][\/et_pb_column][\/et_pb_row][\/et_pb_section][et_pb_section fb_built=\u00a0\u00bb1&Prime; admin_label=\u00a0\u00bbHeader\u00a0\u00bb _builder_version=\u00a0\u00bb4.16&Prime; _module_preset=\u00a0\u00bbdefault\u00a0\u00bb use_background_color_gradient=\u00a0\u00bbon\u00a0\u00bb background_color_gradient_type=\u00a0\u00bbcircular\u00a0\u00bb background_color_gradient_direction_radial=\u00a0\u00bbtop left\u00a0\u00bb background_color_gradient_stops=\u00a0\u00bbrgba(255,255,255,0) 30%|rgba(255,255,255,0) 80%\u00a0\u00bb background_color_gradient_overlays_image=\u00a0\u00bbon\u00a0\u00bb background_color_gradient_start=\u00a0\u00bbrgba(255,255,255,0)\u00a0\u00bb background_color_gradient_start_position=\u00a0\u00bb30%\u00a0\u00bb background_color_gradient_end=\u00a0\u00bbrgba(255,255,255,0)\u00a0\u00bb background_color_gradient_end_position=\u00a0\u00bb80%\u00a0\u00bb background_image=\u00a0\u00bbhttps:\/\/forcalqueiret.fr\/wp-content\/uploads\/2020\/11\/crbst_import0.jpg\u00a0\u00bb background_size=\u00a0\u00bbinitial\u00a0\u00bb z_index=\u00a0\u00bb228&Prime; module_alignment=\u00a0\u00bbcenter\u00a0\u00bb custom_padding=\u00a0\u00bb0vw|0px|0vw|0px|true|false\u00a0\u00bb sticky_position_tablet=\u00a0\u00bbnone\u00a0\u00bb sticky_position_last_edited=\u00a0\u00bboff|desktop\u00a0\u00bb global_colors_info=\u00a0\u00bb{}\u00a0\u00bb z_index__sticky_enabled=\u00a0\u00bboff|sticky\u00a0\u00bb][et_pb_row _builder_version=\u00a0\u00bb4.16&Prime; _module_preset=\u00a0\u00bbdefault\u00a0\u00bb custom_margin=\u00a0\u00bb|||\u00a0\u00bb global_colors_info=\u00a0\u00bb{}\u00a0\u00bb][et_pb_column type=\u00a0\u00bb4_4&Prime; _builder_version=\u00a0\u00bb4.16&Prime; _module_preset=\u00a0\u00bbdefault\u00a0\u00bb custom_padding=\u00a0\u00bb|||\u00a0\u00bb global_colors_info=\u00a0\u00bb{}\u00a0\u00bb custom_padding__hover=\u00a0\u00bb|||\u00a0\u00bb][et_pb_text _builder_version=\u00a0\u00bb4.16&Prime; _module_preset=\u00a0\u00bbdefault\u00a0\u00bb text_font=\u00a0\u00bb||||||||\u00a0\u00bb header_font=\u00a0\u00bbRaleway|700|||||||\u00a0\u00bb header_font_size=\u00a0\u00bb50px\u00a0\u00bb header_line_height=\u00a0\u00bb1.2em\u00a0\u00bb header_5_font=\u00a0\u00bbKaushan Script||||||||\u00a0\u00bb header_5_text_color=\u00a0\u00bb#000000&Prime; header_5_font_size=\u00a0\u00bb20px\u00a0\u00bb header_5_letter_spacing=\u00a0\u00bb0.2em\u00a0\u00bb header_5_line_height=\u00a0\u00bb1.8em\u00a0\u00bb text_orientation=\u00a0\u00bbcenter\u00a0\u00bb animation_style=\u00a0\u00bbzoom\u00a0\u00bb animation_intensity_zoom=\u00a0\u00bb5%\u00a0\u00bb header_font_size_tablet=\u00a0\u00bb48px\u00a0\u00bb header_font_size_phone=\u00a0\u00bb32px\u00a0\u00bb header_font_size_last_edited=\u00a0\u00bbon|phone\u00a0\u00bb header_5_font_size_tablet=\u00a0\u00bb14px\u00a0\u00bb header_5_font_size_phone=\u00a0\u00bb12px\u00a0\u00bb header_5_font_size_last_edited=\u00a0\u00bbon|desktop\u00a0\u00bb inline_fonts=\u00a0\u00bbAndika\u00a0\u00bb global_colors_info=\u00a0\u00bb{}\u00a0\u00bb]<\/p>\n<h1><span style=\"color: #ff0000;\">\u00c9coles<\/span><\/h1>\n<p>[\/et_pb_text][\/et_pb_column][\/et_pb_row][\/et_pb_section][et_pb_section fb_built=\u00a0\u00bb1&Prime; admin_label=\u00a0\u00bbmairie\u00a0\u00bb _builder_version=\u00a0\u00bb4.16&Prime; _module_preset=\u00a0\u00bbdefault\u00a0\u00bb custom_padding=\u00a0\u00bb10px||||false|false\u00a0\u00bb global_colors_info=\u00a0\u00bb{}\u00a0\u00bb][et_pb_row _builder_version=\u00a0\u00bb4.16&Prime; _module_preset=\u00a0\u00bbdefault\u00a0\u00bb custom_padding=\u00a0\u00bb|13px||13px||true\u00a0\u00bb global_colors_info=\u00a0\u00bb{}\u00a0\u00bb][et_pb_column type=\u00a0\u00bb4_4&Prime; _builder_version=\u00a0\u00bb4.16&Prime; _module_preset=\u00a0\u00bbdefault\u00a0\u00bb background_color=\u00a0\u00bb#ffffff\u00a0\u00bb custom_padding=\u00a0\u00bb1vw|3vw|1vw|3vw|true|true\u00a0\u00bb border_radii=\u00a0\u00bbon|15px|15px|15px|15px\u00a0\u00bb box_shadow_style=\u00a0\u00bbpreset6&Prime; global_colors_info=\u00a0\u00bb{}\u00a0\u00bb][et_pb_text disabled_on=\u00a0\u00bbon|on|on\u00a0\u00bb _builder_version=\u00a0\u00bb4.27.2&Prime; _module_preset=\u00a0\u00bbdefault\u00a0\u00bb disabled=\u00a0\u00bbon\u00a0\u00bb global_colors_info=\u00a0\u00bb{}\u00a0\u00bb]<\/p>\n<h2 style=\"text-align: center;\"><span style=\"text-decoration: underline;\"><strong>Informations des \u00e9coles<br \/><\/strong><\/span><\/h2>\n<p>[\/et_pb_text][et_pb_text _builder_version=\u00a0\u00bb4.27.2&Prime; _module_preset=\u00a0\u00bbdefault\u00a0\u00bb text_font=\u00a0\u00bb||||||||\u00a0\u00bb global_colors_info=\u00a0\u00bb{}\u00a0\u00bb]<\/p>\n<p>La ville de FORCALQUEIRET comporte deux \u00e9coles au centre du village : <strong>une \u00e9cole maternelle<\/strong> compos\u00e9e de 5 classes et une <strong>\u00e9cole \u00e9l\u00e9mentaire<\/strong>, compos\u00e9e de 10 classes.<\/p>\n<h3 style=\"text-align: center;\"><strong><span style=\"text-decoration: underline;\">Coordonn\u00e9es et horaires des \u00e9coles<\/span> :<\/strong><\/h3>\n<p>&#8211; <strong>MATERNELLE<\/strong> : 04.98.05.23.23 ou par mail : <a href=\"mailto:ecole831487R@ac-nice.fr\">ecole831487R@ac-nice.fr<\/a><\/p>\n<p style=\"padding-left: 40px;\">Ouverture du portail le matin : 8h20-8h30 \/ 11h45<br \/>Ouverture du portail l\u2019apr\u00e8s-midi : 13h30-13h40 \/ 16h25<\/p>\n<p>&#8211; <strong>ELEMENTAIRE<\/strong> : 04.89.11.04.39 ou par mail : <a href=\"mailto:ecole830594V@ac-nice.fr\">ecole830594V@ac-nice.fr<\/a><\/p>\n<p style=\"padding-left: 40px;\">Ouverture du portail le matin : 8h20-8h30 \/ 11h45<br \/>Ouverture du portail l\u2019apr\u00e8s-midi : 13h35-13h45 \/ 16h30<\/p>\n<p>&nbsp;<\/p>\n<h3 style=\"text-align: center;\"><strong><span style=\"text-decoration: underline;\">Inscription aux \u00e9coles<\/span> : <\/strong><\/h3>\n<p><span style=\"text-decoration: underline;\"><strong>Pr\u00e9-inscription<\/strong><\/span> : Tout au long de l\u2019ann\u00e9e, vous pouvez pr\u00e9inscrire votre enfant \u00e0 l\u2019une ou l\u2019autre \u00e9cole.<\/p>\n<p>Cette d\u00e9marche se fait au POLE ENFANCE JEUNESSE, place de la R\u00e9publique (face \u00e0 la poste), ou par mail \u00e0 l\u2019adresse suivante : <a href=\"mailto:affaires-scolaires@forcalqueiret.fr\">affaires-scolaires@forcalqueiret.fr<\/a><\/p>\n<p><span style=\"text-decoration: underline;\">Nous aurons besoin des renseignements suivants<\/span> :<\/p>\n<p style=\"padding-left: 40px;\">&#8211; NOM et Pr\u00e9noms de l\u2019enfant<br \/>&#8211; Date de naissance de l\u2019enfant<br \/>&#8211; Votre adresse sur FORCALQUEIRET<br \/>&#8211; Une adresse mail et un num\u00e9ro de t\u00e9l\u00e9phone<\/p>\n<p><span style=\"text-decoration: underline;\"><strong>Pour les enfants n\u00e9s en 2023 les pr\u00e9-inscriptions auront lieu du 01 au 12 DECEMBRE 2025.<\/strong><\/span><\/p>\n<p><span style=\"text-decoration: underline;\"><strong>Inscription<\/strong><\/span> : Elle se fait d\u00e9but Mars. Vous recevrez par mail (si vous avez effectu\u00e9 une pr\u00e9inscription) le dossier \u00e0 remplir. Vous pourrez \u00e9galement retirer ce dossier au POLE ENFANCE JEUNESSE, ou le t\u00e9l\u00e9charger sur le portail famille<\/p>\n<p><span style=\"text-decoration: underline;\">Plus d\u2019infos en suivant ce lien<\/span> : <a href=\"https:\/\/portail.berger-levrault.fr\/MairieForcalqueiret83136\/accueil\">https:\/\/portail.berger-levrault.fr\/MairieForcalqueiret83136\/accueil<\/a><span style=\"font-size: large;\"><\/span><\/p>\n<p>&nbsp;<\/p>\n<h3 style=\"text-align: center;\"><strong><span style=\"text-decoration: underline;\">Garderie p\u00e9riscolaire<\/span> :<\/strong><\/h3>\n<p>R\u00e9serv\u00e9e aux enfants scolaris\u00e9s, elle est ouverte les <strong>Lundis, Mardis, Jeudis et Vendredis de 6h45 \u00e0 8h30 le matin et de 16h25 \u00e0 18h45 le soir<\/strong>.<\/p>\n<p>Les tarifs sont bas\u00e9s sur des forfaits journaliers de <strong>1.50 \u20ac le matin et 2.50 \u20ac le soir<\/strong>.<\/p>\n<p><span style=\"text-decoration: underline;\">Plus d\u2019infos en suivant ce lien<\/span> : <a href=\"https:\/\/portail.berger-levrault.fr\/MairieForcalqueiret83136\/accueil\">https:\/\/portail.berger-levrault.fr\/MairieForcalqueiret83136\/accueil<\/a><\/p>\n<p>&nbsp;<\/p>\n<p>[\/et_pb_text][dnxte_button button_text=\u00a0\u00bbFiche enfant + fiche sanitaire\u00a0\u00bb button_link=\u00a0\u00bb@ET-DC@eyJkeW5hbWljIjp0cnVlLCJjb250ZW50IjoicG9zdF9saW5rX3VybF9hdHRhY2htZW50Iiwic2V0dGluZ3MiOnsicG9zdF9pZCI6IjI1NDAyMSJ9fQ==@\u00a0\u00bb button_link_new_window=\u00a0\u00bbon\u00a0\u00bb dnxt_button_alignment=\u00a0\u00bbcenter\u00a0\u00bb btn_icon=\u00a0\u00bb&#x69;||divi||400&Prime; btn_icon_color=\u00a0\u00bb#000000&Prime; btn_icon_placement=\u00a0\u00bbleft\u00a0\u00bb dnxt_hover_2d=\u00a0\u00bbdnxt-hover-pulse\u00a0\u00bb disabled_on=\u00a0\u00bbon|on|on\u00a0\u00bb _builder_version=\u00a0\u00bb4.27.2&Prime; _dynamic_attributes=\u00a0\u00bbbutton_link\u00a0\u00bb _module_preset=\u00a0\u00bbdefault\u00a0\u00bb btn_fonts_font=\u00a0\u00bb|700|||||||\u00a0\u00bb btn_fonts_text_color=\u00a0\u00bb#000000&Prime; btn_fonts_font_size=\u00a0\u00bb15px\u00a0\u00bb use_background_color_gradient=\u00a0\u00bbon\u00a0\u00bb background_color_gradient_stops=\u00a0\u00bb#edf000 0%|#e02b20 100%\u00a0\u00bb background_color_gradient_start=\u00a0\u00bb#edf000&Prime; background_color_gradient_end=\u00a0\u00bb#e02b20&Prime; border_radii_btn_border=\u00a0\u00bbon|15px|15px|15px|15px\u00a0\u00bb border_width_all_btn_border=\u00a0\u00bb1px\u00a0\u00bb box_shadow_style=\u00a0\u00bbpreset1&Prime; disabled=\u00a0\u00bbon\u00a0\u00bb global_colors_info=\u00a0\u00bb{}\u00a0\u00bb][\/dnxte_button][dnxte_button button_text=\u00a0\u00bbProtocole sanitaire renforc\u00e9 &#8211; Reprise 2 novembre 2020 (mise \u00e0 jour le 29 octobre)\u00a0\u00bb button_link=\u00a0\u00bb@ET-DC@eyJkeW5hbWljIjp0cnVlLCJjb250ZW50IjoicG9zdF9saW5rX3VybF9hdHRhY2htZW50Iiwic2V0dGluZ3MiOnsicG9zdF9pZCI6IjI1NDAyNSJ9fQ==@\u00a0\u00bb button_link_new_window=\u00a0\u00bbon\u00a0\u00bb dnxt_button_alignment=\u00a0\u00bbcenter\u00a0\u00bb btn_icon=\u00a0\u00bb&#x69;||divi||400&Prime; btn_icon_color=\u00a0\u00bb#000000&Prime; btn_icon_placement=\u00a0\u00bbleft\u00a0\u00bb dnxt_hover_2d=\u00a0\u00bbdnxt-hover-pulse\u00a0\u00bb disabled_on=\u00a0\u00bbon|on|on\u00a0\u00bb _builder_version=\u00a0\u00bb4.27.2&Prime; _dynamic_attributes=\u00a0\u00bbbutton_link\u00a0\u00bb _module_preset=\u00a0\u00bbdefault\u00a0\u00bb btn_fonts_font=\u00a0\u00bb|700|||||||\u00a0\u00bb btn_fonts_text_color=\u00a0\u00bb#000000&Prime; btn_fonts_font_size=\u00a0\u00bb15px\u00a0\u00bb use_background_color_gradient=\u00a0\u00bbon\u00a0\u00bb background_color_gradient_stops=\u00a0\u00bb#edf000 0%|#e02b20 100%\u00a0\u00bb background_color_gradient_start=\u00a0\u00bb#edf000&Prime; background_color_gradient_end=\u00a0\u00bb#e02b20&Prime; border_radii_btn_border=\u00a0\u00bbon|15px|15px|15px|15px\u00a0\u00bb border_width_all_btn_border=\u00a0\u00bb1px\u00a0\u00bb box_shadow_style=\u00a0\u00bbpreset1&Prime; disabled=\u00a0\u00bbon\u00a0\u00bb global_colors_info=\u00a0\u00bb{}\u00a0\u00bb][\/dnxte_button][\/et_pb_column][\/et_pb_row][\/et_pb_section]<\/p>\n","protected":false},"excerpt":{"rendered":"<p>\u00ab Retour aux d\u00e9lib\u00e9rations\u00c9colesInformations des \u00e9colesLa ville de FORCALQUEIRET comporte deux \u00e9coles au centre du village : une \u00e9cole maternelle compos\u00e9e de 5 classes et une \u00e9cole \u00e9l\u00e9mentaire, compos\u00e9e de [&hellip;]<\/p>\n","protected":false},"author":1,"featured_media":0,"parent":0,"menu_order":0,"comment_status":"closed","ping_status":"closed","template":"","meta":{"_et_pb_use_builder":"on","_et_pb_old_content":"","_et_gb_content_width":"","_monsterinsights_skip_tracking":false,"_monsterinsights_sitenote_active":false,"_monsterinsights_sitenote_note":"","_monsterinsights_sitenote_category":0,"footnotes":""},"class_list":["post-222844","page","type-page","status-publish","hentry"],"_links":{"self":[{"href":"https:\/\/www.forcalqueiret.fr\/index.php?rest_route=\/wp\/v2\/pages\/222844","targetHints":{"allow":["GET"]}}],"collection":[{"href":"https:\/\/www.forcalqueiret.fr\/index.php?rest_route=\/wp\/v2\/pages"}],"about":[{"href":"https:\/\/www.forcalqueiret.fr\/index.php?rest_route=\/wp\/v2\/types\/page"}],"author":[{"embeddable":true,"href":"https:\/\/www.forcalqueiret.fr\/index.php?rest_route=\/wp\/v2\/users\/1"}],"replies":[{"embeddable":true,"href":"https:\/\/www.forcalqueiret.fr\/index.php?rest_route=%2Fwp%2Fv2%2Fcomments&post=222844"}],"version-history":[{"count":32,"href":"https:\/\/www.forcalqueiret.fr\/index.php?rest_route=\/wp\/v2\/pages\/222844\/revisions"}],"predecessor-version":[{"id":256749,"href":"https:\/\/www.forcalqueiret.fr\/index.php?rest_route=\/wp\/v2\/pages\/222844\/revisions\/256749"}],"wp:attachment":[{"href":"https:\/\/www.forcalqueiret.fr\/index.php?rest_route=%2Fwp%2Fv2%2Fmedia&parent=222844"}],"curies":[{"name":"wp","href":"https:\/\/api.w.org\/{rel}","templated":true}]}}